{"id":2188,"date":"2016-07-24T06:34:30","date_gmt":"2016-07-24T06:34:30","guid":{"rendered":"http:\/\/www.dgnpublicidade.com.br\/agencia-de-marketing\/?page_id=2188"},"modified":"2016-10-03T05:50:51","modified_gmt":"2016-10-03T05:50:51","slug":"desenvolvimento-de-sites","status":"publish","type":"page","link":"https:\/\/www.dgnpublicidade.com.br\/agencia-de-marketing\/desenvolvimento-de-sites\/","title":{"rendered":"Desenvolvimentos de Sites"},"content":{"rendered":"<p>Desenvolvimentos de Sistemas<\/p>\n","protected":false},"excerpt":{"rendered":"<p>Desenvolvimentos de Sistemas<\/p>\n","protected":false},"author":2,"featured_media":0,"parent":0,"menu_order":0,"comment_status":"closed","ping_status":"closed","template":"","meta":{"footnotes":""},"class_list":["post-2188","page","type-page","status-publish","hentry"],"yoast_head":"<!-- This site is optimized with the Yoast SEO plugin v27.0 - https:\/\/yoast.com\/product\/yoast-seo-wordpress\/ -->\n<title>Desenvolvimento de sistemas web<\/title>\n<meta name=\"description\" content=\"Cria\u00e7\u00e3o e manuten\u00e7\u00e3o de sistemas web, aplicativos, sites, lojas virtuais e desenvolvimento de sistemas\" \/>\n<meta name=\"robots\" content=\"index, follow, max-snippet:-1, max-image-preview:large, max-video-preview:-1\" \/>\n<link rel=\"canonical\" href=\"https:\/\/www.dgnpublicidade.com.br\/agencia-de-marketing\/desenvolvimento-de-sites\/\" \/>\n<meta property=\"og:locale\" content=\"pt_BR\" \/>\n<meta property=\"og:type\" content=\"article\" \/>\n<meta property=\"og:title\" content=\"Desenvolvimento de sistemas web\" \/>\n<meta property=\"og:description\" content=\"Cria\u00e7\u00e3o e manuten\u00e7\u00e3o de sistemas web, aplicativos, sites, lojas virtuais e desenvolvimento de sistemas\" \/>\n<meta property=\"og:url\" content=\"https:\/\/www.dgnpublicidade.com.br\/agencia-de-marketing\/desenvolvimento-de-sites\/\" \/>\n<meta property=\"og:site_name\" content=\"Marketing digital\" \/>\n<meta property=\"article:publisher\" content=\"https:\/\/www.facebook.com\/dgnpublicidademarketing\/\" \/>\n<meta property=\"article:modified_time\" content=\"2016-10-03T05:50:51+00:00\" \/>\n<meta name=\"twitter:card\" content=\"summary_large_image\" \/>\n<script type=\"application\/ld+json\" class=\"yoast-schema-graph\">{\"@context\":\"https:\/\/schema.org\",\"@graph\":[{\"@type\":\"WebPage\",\"@id\":\"https:\/\/www.dgnpublicidade.com.br\/agencia-de-marketing\/desenvolvimento-de-sites\/\",\"url\":\"https:\/\/www.dgnpublicidade.com.br\/agencia-de-marketing\/desenvolvimento-de-sites\/\",\"name\":\"Desenvolvimento de sistemas web\",\"isPartOf\":{\"@id\":\"https:\/\/www.dgnpublicidade.com.br\/agencia-de-marketing\/#website\"},\"datePublished\":\"2016-07-24T06:34:30+00:00\",\"dateModified\":\"2016-10-03T05:50:51+00:00\",\"description\":\"Cria\u00e7\u00e3o e manuten\u00e7\u00e3o de sistemas web, aplicativos, sites, lojas virtuais e desenvolvimento de sistemas\",\"breadcrumb\":{\"@id\":\"https:\/\/www.dgnpublicidade.com.br\/agencia-de-marketing\/desenvolvimento-de-sites\/#breadcrumb\"},\"inLanguage\":\"pt-BR\",\"potentialAction\":[{\"@type\":\"ReadAction\",\"target\":[\"https:\/\/www.dgnpublicidade.com.br\/agencia-de-marketing\/desenvolvimento-de-sites\/\"]}]},{\"@type\":\"BreadcrumbList\",\"@id\":\"https:\/\/www.dgnpublicidade.com.br\/agencia-de-marketing\/desenvolvimento-de-sites\/#breadcrumb\",\"itemListElement\":[{\"@type\":\"ListItem\",\"position\":1,\"name\":\"In\u00edcio\",\"item\":\"https:\/\/www.dgnpublicidade.com.br\/agencia-de-marketing\/\"},{\"@type\":\"ListItem\",\"position\":2,\"name\":\"Desenvolvimentos de Sites\"}]},{\"@type\":\"WebSite\",\"@id\":\"https:\/\/www.dgnpublicidade.com.br\/agencia-de-marketing\/#website\",\"url\":\"https:\/\/www.dgnpublicidade.com.br\/agencia-de-marketing\/\",\"name\":\"DGN Publicidade\",\"description\":\"Ag\u00eancia de Marketing Digital, Tr\u00e1fego Pago e SEO\",\"publisher\":{\"@id\":\"https:\/\/www.dgnpublicidade.com.br\/agencia-de-marketing\/#organization\"},\"alternateName\":\"DGN\",\"potentialAction\":[{\"@type\":\"SearchAction\",\"target\":{\"@type\":\"EntryPoint\",\"urlTemplate\":\"https:\/\/www.dgnpublicidade.com.br\/agencia-de-marketing\/?s={search_term_string}\"},\"query-input\":{\"@type\":\"PropertyValueSpecification\",\"valueRequired\":true,\"valueName\":\"search_term_string\"}}],\"inLanguage\":\"pt-BR\"},{\"@type\":\"Organization\",\"@id\":\"https:\/\/www.dgnpublicidade.com.br\/agencia-de-marketing\/#organization\",\"name\":\"DGN Publicidade\",\"url\":\"https:\/\/www.dgnpublicidade.com.br\/agencia-de-marketing\/\",\"logo\":{\"@type\":\"ImageObject\",\"inLanguage\":\"pt-BR\",\"@id\":\"https:\/\/www.dgnpublicidade.com.br\/agencia-de-marketing\/#\/schema\/logo\/image\/\",\"url\":\"https:\/\/www.dgnpublicidade.com.br\/agencia-de-marketing\/wp-content\/uploads\/2026\/03\/logomarca-DGN.png\",\"contentUrl\":\"https:\/\/www.dgnpublicidade.com.br\/agencia-de-marketing\/wp-content\/uploads\/2026\/03\/logomarca-DGN.png\",\"width\":1001,\"height\":1003,\"caption\":\"DGN Publicidade\"},\"image\":{\"@id\":\"https:\/\/www.dgnpublicidade.com.br\/agencia-de-marketing\/#\/schema\/logo\/image\/\"},\"sameAs\":[\"https:\/\/www.facebook.com\/dgnpublicidademarketing\/\",\"https:\/\/www.instagram.com\/dgnpublicidade\/\",\"https:\/\/www.youtube.com\/channel\/UCuiL_oT3Bi6XTNsc4sqRbQA\"]}]}<\/script>\n<!-- \/ Yoast SEO plugin. -->","yoast_head_json":{"title":"Desenvolvimento de sistemas web","description":"Cria\u00e7\u00e3o e manuten\u00e7\u00e3o de sistemas web, aplicativos, sites, lojas virtuais e desenvolvimento de sistemas","robots":{"index":"index","follow":"follow","max-snippet":"max-snippet:-1","max-image-preview":"max-image-preview:large","max-video-preview":"max-video-preview:-1"},"canonical":"https:\/\/www.dgnpublicidade.com.br\/agencia-de-marketing\/desenvolvimento-de-sites\/","og_locale":"pt_BR","og_type":"article","og_title":"Desenvolvimento de sistemas web","og_description":"Cria\u00e7\u00e3o e manuten\u00e7\u00e3o de sistemas web, aplicativos, sites, lojas virtuais e desenvolvimento de sistemas","og_url":"https:\/\/www.dgnpublicidade.com.br\/agencia-de-marketing\/desenvolvimento-de-sites\/","og_site_name":"Marketing digital","article_publisher":"https:\/\/www.facebook.com\/dgnpublicidademarketing\/","article_modified_time":"2016-10-03T05:50:51+00:00","twitter_card":"summary_large_image","schema":{"@context":"https:\/\/schema.org","@graph":[{"@type":"WebPage","@id":"https:\/\/www.dgnpublicidade.com.br\/agencia-de-marketing\/desenvolvimento-de-sites\/","url":"https:\/\/www.dgnpublicidade.com.br\/agencia-de-marketing\/desenvolvimento-de-sites\/","name":"Desenvolvimento de sistemas web","isPartOf":{"@id":"https:\/\/www.dgnpublicidade.com.br\/agencia-de-marketing\/#website"},"datePublished":"2016-07-24T06:34:30+00:00","dateModified":"2016-10-03T05:50:51+00:00","description":"Cria\u00e7\u00e3o e manuten\u00e7\u00e3o de sistemas web, aplicativos, sites, lojas virtuais e desenvolvimento de sistemas","breadcrumb":{"@id":"https:\/\/www.dgnpublicidade.com.br\/agencia-de-marketing\/desenvolvimento-de-sites\/#breadcrumb"},"inLanguage":"pt-BR","potentialAction":[{"@type":"ReadAction","target":["https:\/\/www.dgnpublicidade.com.br\/agencia-de-marketing\/desenvolvimento-de-sites\/"]}]},{"@type":"BreadcrumbList","@id":"https:\/\/www.dgnpublicidade.com.br\/agencia-de-marketing\/desenvolvimento-de-sites\/#breadcrumb","itemListElement":[{"@type":"ListItem","position":1,"name":"In\u00edcio","item":"https:\/\/www.dgnpublicidade.com.br\/agencia-de-marketing\/"},{"@type":"ListItem","position":2,"name":"Desenvolvimentos de Sites"}]},{"@type":"WebSite","@id":"https:\/\/www.dgnpublicidade.com.br\/agencia-de-marketing\/#website","url":"https:\/\/www.dgnpublicidade.com.br\/agencia-de-marketing\/","name":"DGN Publicidade","description":"Ag\u00eancia de Marketing Digital, Tr\u00e1fego Pago e SEO","publisher":{"@id":"https:\/\/www.dgnpublicidade.com.br\/agencia-de-marketing\/#organization"},"alternateName":"DGN","potentialAction":[{"@type":"SearchAction","target":{"@type":"EntryPoint","urlTemplate":"https:\/\/www.dgnpublicidade.com.br\/agencia-de-marketing\/?s={search_term_string}"},"query-input":{"@type":"PropertyValueSpecification","valueRequired":true,"valueName":"search_term_string"}}],"inLanguage":"pt-BR"},{"@type":"Organization","@id":"https:\/\/www.dgnpublicidade.com.br\/agencia-de-marketing\/#organization","name":"DGN Publicidade","url":"https:\/\/www.dgnpublicidade.com.br\/agencia-de-marketing\/","logo":{"@type":"ImageObject","inLanguage":"pt-BR","@id":"https:\/\/www.dgnpublicidade.com.br\/agencia-de-marketing\/#\/schema\/logo\/image\/","url":"https:\/\/www.dgnpublicidade.com.br\/agencia-de-marketing\/wp-content\/uploads\/2026\/03\/logomarca-DGN.png","contentUrl":"https:\/\/www.dgnpublicidade.com.br\/agencia-de-marketing\/wp-content\/uploads\/2026\/03\/logomarca-DGN.png","width":1001,"height":1003,"caption":"DGN Publicidade"},"image":{"@id":"https:\/\/www.dgnpublicidade.com.br\/agencia-de-marketing\/#\/schema\/logo\/image\/"},"sameAs":["https:\/\/www.facebook.com\/dgnpublicidademarketing\/","https:\/\/www.instagram.com\/dgnpublicidade\/","https:\/\/www.youtube.com\/channel\/UCuiL_oT3Bi6XTNsc4sqRbQA"]}]}},"_links":{"self":[{"href":"https:\/\/www.dgnpublicidade.com.br\/agencia-de-marketing\/wp-json\/wp\/v2\/pages\/2188","targetHints":{"allow":["GET"]}}],"collection":[{"href":"https:\/\/www.dgnpublicidade.com.br\/agencia-de-marketing\/wp-json\/wp\/v2\/pages"}],"about":[{"href":"https:\/\/www.dgnpublicidade.com.br\/agencia-de-marketing\/wp-json\/wp\/v2\/types\/page"}],"author":[{"embeddable":true,"href":"https:\/\/www.dgnpublicidade.com.br\/agencia-de-marketing\/wp-json\/wp\/v2\/users\/2"}],"replies":[{"embeddable":true,"href":"https:\/\/www.dgnpublicidade.com.br\/agencia-de-marketing\/wp-json\/wp\/v2\/comments?post=2188"}],"version-history":[{"count":0,"href":"https:\/\/www.dgnpublicidade.com.br\/agencia-de-marketing\/wp-json\/wp\/v2\/pages\/2188\/revisions"}],"wp:attachment":[{"href":"https:\/\/www.dgnpublicidade.com.br\/agencia-de-marketing\/wp-json\/wp\/v2\/media?parent=2188"}],"curies":[{"name":"wp","href":"https:\/\/api.w.org\/{rel}","templated":true}]}}