{"id":6547,"date":"2023-12-23T19:29:13","date_gmt":"2023-12-23T22:29:13","guid":{"rendered":"https:\/\/www.dgnpublicidade.com.br\/agencia-de-marketing\/?page_id=6547"},"modified":"2023-12-23T19:34:01","modified_gmt":"2023-12-23T22:34:01","slug":"politica-de-privacidade","status":"publish","type":"page","link":"https:\/\/www.dgnpublicidade.com.br\/agencia-de-marketing\/politica-de-privacidade\/","title":{"rendered":"Pol\u00edtica de privacidade"},"content":{"rendered":"\t\t<div data-elementor-type=\"wp-page\" data-elementor-id=\"6547\" class=\"elementor elementor-6547\" data-elementor-post-type=\"page\">\n\t\t\t\t<div class=\"elementor-element elementor-element-0eb79a7 e-flex e-con-boxed e-con e-parent\" data-id=\"0eb79a7\" data-element_type=\"container\" data-e-type=\"container\">\n\t\t\t\t\t<div class=\"e-con-inner\">\n\t\t\t\t<div class=\"elementor-element elementor-element-9ce7c0b elementor-widget elementor-widget-text-editor\" data-id=\"9ce7c0b\" data-element_type=\"widget\" data-e-type=\"widget\" data-widget_type=\"text-editor.default\">\n\t\t\t\t<div class=\"elementor-widget-container\">\n\t\t\t\t\t\t\t\t\t<p>Todas as suas informa\u00e7\u00f5es pessoais recolhidas, ser\u00e3o usadas para o ajudar a tornar a sua visita no nosso site o mais produtiva e agrad\u00e1vel poss\u00edvel.<\/p><p>A garantia da confidencialidade dos dados pessoais dos utilizadores do nosso site \u00e9 importante para a DGN Publicidade.<\/p><p>Todas as informa\u00e7\u00f5es pessoais relativas a membros, assinantes, clientes ou visitantes que usem a DGN Publicidade ser\u00e3o tratadas em concord\u00e2ncia com a Lei da Prote\u00e7\u00e3o de Dados Pessoais de 26 de outubro de 1998 (Lei n.\u00ba 67\/98).<\/p><p>A informa\u00e7\u00e3o pessoal recolhida pode incluir o seu nome, e-mail, n\u00famero de telefone e\/ou telem\u00f3vel, morada, data de nascimento e\/ou outros.<\/p><p>O uso da DGN Publicidade pressup\u00f5e a aceita\u00e7\u00e3o deste Acordo de Privacidade. A equipe da DGN Publicidade reserva-se ao direito de alterar este acordo sem aviso pr\u00e9vio. Deste modo, recomendamos que consulte a nossa pol\u00edtica de privacidade com regularidade de forma a estar sempre atualizado.<\/p><p><strong>An\u00fancios<\/strong><br \/>Tal como outros websites, coletamos e utilizamos informa\u00e7\u00e3o contida nos an\u00fancios. A informa\u00e7\u00e3o contida nos an\u00fancios, inclui o seu endere\u00e7o IP (Internet Protocol), o seu ISP (Internet Service Provider, como o Sapo, Clix, ou outro), o browser que utilizou ao visitar o nosso website (como o Internet Explorer ou o Firefox), o tempo da sua visita e que p\u00e1ginas visitou dentro do nosso website.<\/p><p><strong>Cookies<\/strong><br \/>Utilizamos cookies para armazenar informa\u00e7\u00e3o, tais como as suas prefer\u00eancias pessoas quando visita o nosso website. Isto poder\u00e1 incluir um simples popup, ou uma liga\u00e7\u00e3o em v\u00e1rios servi\u00e7os que providenciamos, tais como f\u00f3runs.<\/p><p>Voc\u00ea det\u00e9m o poder de desligar os seus cookies, nas op\u00e7\u00f5es do seu browser, ou efetuando altera\u00e7\u00f5es nas ferramentas de programas Anti-Virus, como o Norton Internet Security. No entanto, isso poder\u00e1 alterar a forma como interage com o nosso website, ou outros websites. Isso poder\u00e1 afetar ou n\u00e3o permitir que fa\u00e7a logins em programas, sites ou f\u00f3runs da nossa e de outras redes.<\/p><p><strong>Liga\u00e7\u00f5es a sites de terceiros<\/strong><br \/>A DGN Publicidade possui liga\u00e7\u00f5es para outros sites, os quais, a nosso ver, podem conter informa\u00e7\u00f5es \/ ferramentas \u00fateis para os nossos visitantes. A nossa pol\u00edtica de privacidade n\u00e3o \u00e9 aplicada a sites de terceiros, pelo que, caso visite outro site a partir do nosso dever\u00e1 ler a politica de privacidade do mesmo.<\/p><p>N\u00e3o nos responsabilizamos pela pol\u00edtica de privacidade ou conte\u00fado presente nesses mesmos sites.<\/p>\t\t\t\t\t\t\t\t<\/div>\n\t\t\t\t<\/div>\n\t\t\t\t\t<\/div>\n\t\t\t\t<\/div>\n\t\t\t\t<\/div>\n\t\t","protected":false},"excerpt":{"rendered":"<p>Todas as suas informa\u00e7\u00f5es pessoais recolhidas, ser\u00e3o usadas para o ajudar a tornar a sua visita no nosso site o mais produtiva e agrad\u00e1vel poss\u00edvel. A garantia da confidencialidade dos dados pessoais dos utilizadores do nosso site \u00e9 importante para a DGN Publicidade. Todas as informa\u00e7\u00f5es pessoais relativas a membros, assinantes, clientes ou visitantes que [&hellip;]<\/p>\n","protected":false},"author":2,"featured_media":0,"parent":0,"menu_order":0,"comment_status":"closed","ping_status":"closed","template":"","meta":{"footnotes":""},"class_list":["post-6547","page","type-page","status-publish","hentry"],"yoast_head":"<!-- This site is optimized with the Yoast SEO plugin v27.0 - https:\/\/yoast.com\/product\/yoast-seo-wordpress\/ -->\n<title>Pol\u00edtica de privacidade - Marketing digital<\/title>\n<meta name=\"robots\" content=\"index, follow, max-snippet:-1, max-image-preview:large, max-video-preview:-1\" \/>\n<link rel=\"canonical\" href=\"https:\/\/www.dgnpublicidade.com.br\/agencia-de-marketing\/politica-de-privacidade\/\" \/>\n<meta property=\"og:locale\" content=\"pt_BR\" \/>\n<meta property=\"og:type\" content=\"article\" \/>\n<meta property=\"og:title\" content=\"Pol\u00edtica de privacidade - Marketing digital\" \/>\n<meta property=\"og:description\" content=\"Todas as suas informa\u00e7\u00f5es pessoais recolhidas, ser\u00e3o usadas para o ajudar a tornar a sua visita no nosso site o mais produtiva e agrad\u00e1vel poss\u00edvel. A garantia da confidencialidade dos dados pessoais dos utilizadores do nosso site \u00e9 importante para a DGN Publicidade. Todas as informa\u00e7\u00f5es pessoais relativas a membros, assinantes, clientes ou visitantes que [&hellip;]\" \/>\n<meta property=\"og:url\" content=\"https:\/\/www.dgnpublicidade.com.br\/agencia-de-marketing\/politica-de-privacidade\/\" \/>\n<meta property=\"og:site_name\" content=\"Marketing digital\" \/>\n<meta property=\"article:publisher\" content=\"https:\/\/www.facebook.com\/dgnpublicidademarketing\/\" \/>\n<meta property=\"article:modified_time\" content=\"2023-12-23T22:34:01+00:00\" \/>\n<meta name=\"twitter:card\" content=\"summary_large_image\" \/>\n<meta name=\"twitter:label1\" content=\"Est. tempo de leitura\" \/>\n\t<meta name=\"twitter:data1\" content=\"3 minutos\" \/>\n<script type=\"application\/ld+json\" class=\"yoast-schema-graph\">{\"@context\":\"https:\/\/schema.org\",\"@graph\":[{\"@type\":\"WebPage\",\"@id\":\"https:\/\/www.dgnpublicidade.com.br\/agencia-de-marketing\/politica-de-privacidade\/\",\"url\":\"https:\/\/www.dgnpublicidade.com.br\/agencia-de-marketing\/politica-de-privacidade\/\",\"name\":\"Pol\u00edtica de privacidade - Marketing digital\",\"isPartOf\":{\"@id\":\"https:\/\/www.dgnpublicidade.com.br\/agencia-de-marketing\/#website\"},\"datePublished\":\"2023-12-23T22:29:13+00:00\",\"dateModified\":\"2023-12-23T22:34:01+00:00\",\"breadcrumb\":{\"@id\":\"https:\/\/www.dgnpublicidade.com.br\/agencia-de-marketing\/politica-de-privacidade\/#breadcrumb\"},\"inLanguage\":\"pt-BR\",\"potentialAction\":[{\"@type\":\"ReadAction\",\"target\":[\"https:\/\/www.dgnpublicidade.com.br\/agencia-de-marketing\/politica-de-privacidade\/\"]}]},{\"@type\":\"BreadcrumbList\",\"@id\":\"https:\/\/www.dgnpublicidade.com.br\/agencia-de-marketing\/politica-de-privacidade\/#breadcrumb\",\"itemListElement\":[{\"@type\":\"ListItem\",\"position\":1,\"name\":\"In\u00edcio\",\"item\":\"https:\/\/www.dgnpublicidade.com.br\/agencia-de-marketing\/\"},{\"@type\":\"ListItem\",\"position\":2,\"name\":\"Pol\u00edtica de privacidade\"}]},{\"@type\":\"WebSite\",\"@id\":\"https:\/\/www.dgnpublicidade.com.br\/agencia-de-marketing\/#website\",\"url\":\"https:\/\/www.dgnpublicidade.com.br\/agencia-de-marketing\/\",\"name\":\"DGN Publicidade\",\"description\":\"Ag\u00eancia de Marketing Digital, Tr\u00e1fego Pago e SEO\",\"publisher\":{\"@id\":\"https:\/\/www.dgnpublicidade.com.br\/agencia-de-marketing\/#organization\"},\"alternateName\":\"DGN\",\"potentialAction\":[{\"@type\":\"SearchAction\",\"target\":{\"@type\":\"EntryPoint\",\"urlTemplate\":\"https:\/\/www.dgnpublicidade.com.br\/agencia-de-marketing\/?s={search_term_string}\"},\"query-input\":{\"@type\":\"PropertyValueSpecification\",\"valueRequired\":true,\"valueName\":\"search_term_string\"}}],\"inLanguage\":\"pt-BR\"},{\"@type\":\"Organization\",\"@id\":\"https:\/\/www.dgnpublicidade.com.br\/agencia-de-marketing\/#organization\",\"name\":\"DGN Publicidade\",\"url\":\"https:\/\/www.dgnpublicidade.com.br\/agencia-de-marketing\/\",\"logo\":{\"@type\":\"ImageObject\",\"inLanguage\":\"pt-BR\",\"@id\":\"https:\/\/www.dgnpublicidade.com.br\/agencia-de-marketing\/#\/schema\/logo\/image\/\",\"url\":\"https:\/\/www.dgnpublicidade.com.br\/agencia-de-marketing\/wp-content\/uploads\/2026\/03\/logomarca-DGN.png\",\"contentUrl\":\"https:\/\/www.dgnpublicidade.com.br\/agencia-de-marketing\/wp-content\/uploads\/2026\/03\/logomarca-DGN.png\",\"width\":1001,\"height\":1003,\"caption\":\"DGN Publicidade\"},\"image\":{\"@id\":\"https:\/\/www.dgnpublicidade.com.br\/agencia-de-marketing\/#\/schema\/logo\/image\/\"},\"sameAs\":[\"https:\/\/www.facebook.com\/dgnpublicidademarketing\/\",\"https:\/\/www.instagram.com\/dgnpublicidade\/\",\"https:\/\/www.youtube.com\/channel\/UCuiL_oT3Bi6XTNsc4sqRbQA\"]}]}<\/script>\n<!-- \/ Yoast SEO plugin. -->","yoast_head_json":{"title":"Pol\u00edtica de privacidade - Marketing digital","robots":{"index":"index","follow":"follow","max-snippet":"max-snippet:-1","max-image-preview":"max-image-preview:large","max-video-preview":"max-video-preview:-1"},"canonical":"https:\/\/www.dgnpublicidade.com.br\/agencia-de-marketing\/politica-de-privacidade\/","og_locale":"pt_BR","og_type":"article","og_title":"Pol\u00edtica de privacidade - Marketing digital","og_description":"Todas as suas informa\u00e7\u00f5es pessoais recolhidas, ser\u00e3o usadas para o ajudar a tornar a sua visita no nosso site o mais produtiva e agrad\u00e1vel poss\u00edvel. A garantia da confidencialidade dos dados pessoais dos utilizadores do nosso site \u00e9 importante para a DGN Publicidade. Todas as informa\u00e7\u00f5es pessoais relativas a membros, assinantes, clientes ou visitantes que [&hellip;]","og_url":"https:\/\/www.dgnpublicidade.com.br\/agencia-de-marketing\/politica-de-privacidade\/","og_site_name":"Marketing digital","article_publisher":"https:\/\/www.facebook.com\/dgnpublicidademarketing\/","article_modified_time":"2023-12-23T22:34:01+00:00","twitter_card":"summary_large_image","twitter_misc":{"Est. tempo de leitura":"3 minutos"},"schema":{"@context":"https:\/\/schema.org","@graph":[{"@type":"WebPage","@id":"https:\/\/www.dgnpublicidade.com.br\/agencia-de-marketing\/politica-de-privacidade\/","url":"https:\/\/www.dgnpublicidade.com.br\/agencia-de-marketing\/politica-de-privacidade\/","name":"Pol\u00edtica de privacidade - Marketing digital","isPartOf":{"@id":"https:\/\/www.dgnpublicidade.com.br\/agencia-de-marketing\/#website"},"datePublished":"2023-12-23T22:29:13+00:00","dateModified":"2023-12-23T22:34:01+00:00","breadcrumb":{"@id":"https:\/\/www.dgnpublicidade.com.br\/agencia-de-marketing\/politica-de-privacidade\/#breadcrumb"},"inLanguage":"pt-BR","potentialAction":[{"@type":"ReadAction","target":["https:\/\/www.dgnpublicidade.com.br\/agencia-de-marketing\/politica-de-privacidade\/"]}]},{"@type":"BreadcrumbList","@id":"https:\/\/www.dgnpublicidade.com.br\/agencia-de-marketing\/politica-de-privacidade\/#breadcrumb","itemListElement":[{"@type":"ListItem","position":1,"name":"In\u00edcio","item":"https:\/\/www.dgnpublicidade.com.br\/agencia-de-marketing\/"},{"@type":"ListItem","position":2,"name":"Pol\u00edtica de privacidade"}]},{"@type":"WebSite","@id":"https:\/\/www.dgnpublicidade.com.br\/agencia-de-marketing\/#website","url":"https:\/\/www.dgnpublicidade.com.br\/agencia-de-marketing\/","name":"DGN Publicidade","description":"Ag\u00eancia de Marketing Digital, Tr\u00e1fego Pago e SEO","publisher":{"@id":"https:\/\/www.dgnpublicidade.com.br\/agencia-de-marketing\/#organization"},"alternateName":"DGN","potentialAction":[{"@type":"SearchAction","target":{"@type":"EntryPoint","urlTemplate":"https:\/\/www.dgnpublicidade.com.br\/agencia-de-marketing\/?s={search_term_string}"},"query-input":{"@type":"PropertyValueSpecification","valueRequired":true,"valueName":"search_term_string"}}],"inLanguage":"pt-BR"},{"@type":"Organization","@id":"https:\/\/www.dgnpublicidade.com.br\/agencia-de-marketing\/#organization","name":"DGN Publicidade","url":"https:\/\/www.dgnpublicidade.com.br\/agencia-de-marketing\/","logo":{"@type":"ImageObject","inLanguage":"pt-BR","@id":"https:\/\/www.dgnpublicidade.com.br\/agencia-de-marketing\/#\/schema\/logo\/image\/","url":"https:\/\/www.dgnpublicidade.com.br\/agencia-de-marketing\/wp-content\/uploads\/2026\/03\/logomarca-DGN.png","contentUrl":"https:\/\/www.dgnpublicidade.com.br\/agencia-de-marketing\/wp-content\/uploads\/2026\/03\/logomarca-DGN.png","width":1001,"height":1003,"caption":"DGN Publicidade"},"image":{"@id":"https:\/\/www.dgnpublicidade.com.br\/agencia-de-marketing\/#\/schema\/logo\/image\/"},"sameAs":["https:\/\/www.facebook.com\/dgnpublicidademarketing\/","https:\/\/www.instagram.com\/dgnpublicidade\/","https:\/\/www.youtube.com\/channel\/UCuiL_oT3Bi6XTNsc4sqRbQA"]}]}},"_links":{"self":[{"href":"https:\/\/www.dgnpublicidade.com.br\/agencia-de-marketing\/wp-json\/wp\/v2\/pages\/6547","targetHints":{"allow":["GET"]}}],"collection":[{"href":"https:\/\/www.dgnpublicidade.com.br\/agencia-de-marketing\/wp-json\/wp\/v2\/pages"}],"about":[{"href":"https:\/\/www.dgnpublicidade.com.br\/agencia-de-marketing\/wp-json\/wp\/v2\/types\/page"}],"author":[{"embeddable":true,"href":"https:\/\/www.dgnpublicidade.com.br\/agencia-de-marketing\/wp-json\/wp\/v2\/users\/2"}],"replies":[{"embeddable":true,"href":"https:\/\/www.dgnpublicidade.com.br\/agencia-de-marketing\/wp-json\/wp\/v2\/comments?post=6547"}],"version-history":[{"count":0,"href":"https:\/\/www.dgnpublicidade.com.br\/agencia-de-marketing\/wp-json\/wp\/v2\/pages\/6547\/revisions"}],"wp:attachment":[{"href":"https:\/\/www.dgnpublicidade.com.br\/agencia-de-marketing\/wp-json\/wp\/v2\/media?parent=6547"}],"curies":[{"name":"wp","href":"https:\/\/api.w.org\/{rel}","templated":true}]}}